{"id":7,"date":"2013-05-12T16:07:16","date_gmt":"2013-05-12T15:07:16","guid":{"rendered":"http:\/\/www.combas.com\/en\/?page_id=7"},"modified":"2016-01-16T17:46:04","modified_gmt":"2016-01-16T16:46:04","slug":"presenting-robert-combas","status":"publish","type":"page","link":"https:\/\/www.combas.com\/en\/robert-combas\/presenting-robert-combas\/","title":{"rendered":"Presenting Robert Combas"},"content":{"rendered":"<p>[vc_row margin_top=&#8221;&#8221;][vc_column][vc_row_inner][vc_column_inner width=&#8221;1\/3&#8243;][vc_single_image image=&#8221;121&#8243; img_size=&#8221;full&#8221; add_caption=&#8221;yes&#8221; onclick=&#8221;link_image&#8221;][\/vc_column_inner][vc_column_inner width=&#8221;2\/3&#8243;][vc_column_text]In the early eighties, Robert Combas came up with a new figurative painting. Since 1979 he has been present on the art scene. He created the \u201cFiguration Libre\u201d movement, as Ben Vautier named it, which brought together R\u00e9mi Blanchard, Fran\u00e7ois Boisrond, Robert Combas and Herv\u00e9 Di Rosa.<\/p>\n<p>This art form inspired by freedom depicts society, violence, sexuality, people&#8217;s sufferings and little pleasures, their small mindedness, their great mindedness&#8230;<\/p>\n<p>Its inspiration derives from rock culture, popular images, childhood books, school textbooks, and everything that makes a popular culture accessible to everyone.<\/p>\n<p>[\/vc_column_text][\/vc_column_inner][\/vc_row_inner]<blockquote class=\"text-big shortcode-blockquote block-style-widget\"><p><em>Sometimes I work abstract, by flicking paint, a sort of abstract expressionism. The figurative bit is the funny, down-to-earth side of me. In the beginning, it was a sort of derisive reaction to the intellectual paintings of the mid-seventies. For my part, I come from a working class background, and I have been living in two separate worlds. My work convey messages; not least of which is its sheer energy, I want to be able to paint whatever I like. In cartoons, you have to stick to the characters, whereas for me, in my painting, I am free, totally free, even the format is free.<\/em><\/p>\n<p style=\"text-align: right;\">Robert Combas<\/p>\n<\/blockquote>[\/vc_column][\/vc_row][vc_row margin_top=&#8221;64px&#8221;][vc_column]<div class=\"dt-fancy-separator title-left h4-size title-color\" style=\"width: 100%;\"><div class=\"dt-fancy-title\"><span class=\"separator-holder separator-left\"><\/span>Robert Combas, seen by Michel Onfray<span class=\"separator-holder separator-right\"><\/span><\/div><\/div>[vc_empty_space][vc_column_text]<strong><em>Ride the Tiger<\/em><\/strong><\/p>\n<p>Robert Combas was born in Lyon in 1957. Encyclopedias and art history books associate his name with Free Figuration. And yet, beyond this label, he can be seen as a lyrical baroque man, in other words: a painter whose fellow traveller is Dionysus, the god of grapevine, wine, euphoria, wine-making, ritual dance and madness, trance, vital substances, (blood, sperm, sap, milk), powerful animals, (oxes, goats, and rams), rapture, lush vegetation, percussive music. He is also an inventor of tragedy and comedy, that is the sculpted Word. Like Dionysus, he rides the tiger, and everyday he runs the risk of being devoured by his own art. His painting is one of the most Dionysiac of the history of art.<\/p>\n<p><strong>Michel Onfray. <em>TRANSE EST CONNAISSANCE &#8211;\u00a0Un chamane nomm\u00e9 Combas<\/em><\/strong>[\/vc_column_text][\/vc_column][\/vc_row][vc_row margin_top=&#8221;64px&#8221;][vc_column]<div class=\"dt-fancy-separator title-left h4-size title-color\" style=\"width: 100%;\"><div class=\"dt-fancy-title\"><span class=\"separator-holder separator-left\"><\/span>Robert Combas, seen by Demosth\u00e8nes Davvetas<span class=\"separator-holder separator-right\"><\/span><\/div><\/div>[vc_empty_space][vc_column_text]<\/p>\n<p>Combas&#8217;s painting is seen as a constantly active organism. Indeed, his works make up a perpetually open structure, and this is the reason why they are in constant need of new fuel I order to stay alive. Needless to say, such nourishment implies the presence of the \u201cOther\u201d, namely, the spectator. The latter finds himself connected, through a complementary relationship of mutual dependence with the works of the artist. The Image is the instrument, and Robert Combas wields it to \u201cprovoke\u201d, that is, to trigger a reaction in the spectator only to \u201cinvite\u201d him, beckoning him in and whispering in his ear \u201cCome over and talk to me, I want to tell you about the stupidity, violence, beauty, love, hatred, seriousness and fun, the logic and senselessness that pervade our day-to-day lives.\u201d<\/p>\n<p>For the artistic language does not stop at the borders of the inner self. Quite the opposite, in fact, it only surges from the inner self to expand that self and reach out towards the social world. That language is a positive attitude, insofar as, beyond the crude scenes of violence or sexuality on the rampage, beyond the blending of words \u2013 or sentences \u2013 with images, Robert Combas&#8217;s work is first and foremost attitude. Not a didactic one since it does not have the \u201cI\u201d as its epicentre, but, rather, a resolute attempt to expand its very field of action, far beyond the limits of the self-contained, circular rhetoric of Art history, striving to include elements thus far held in contempt by the elite who had ruled the art world during the seventies, elements such as drawings made by children or madmen, comics, rock music, etc. The \u201cchildish\u201d element in it is only the result of a strategy, that of a painter who decided to push back the limits of this capacity for action together with those of his image world.<\/p>\n<p>That is what Robert Combas&#8217; work is all about: turning an artist&#8217;s behaviour, involved in a process of constant metamorphosis, into an attitude which involves not only an artistic stand, but a social one as well. In other words, a critical stands.<\/p>\n<p><strong>Demosth\u00e8nes Davvetas<\/strong>. Published in &#8220;DIALOGUES&#8221;, Au m\u00eame titre Editions, <strong>September 1997<\/strong>, (Translation: Yves-Charles Grandjeat)[\/vc_column_text][\/vc_column][\/vc_row]<\/p>\n","protected":false},"excerpt":{"rendered":"<p>[vc_row margin_top=&#8221;&#8221;][vc_column][vc_row_inner][vc_column_inner width=&#8221;1\/3&#8243;][vc_single_image image=&#8221;121&#8243; img_size=&#8221;full&#8221; add_caption=&#8221;yes&#8221; onclick=&#8221;link_image&#8221;][\/vc_column_inner][vc_column_inner width=&#8221;2\/3&#8243;][vc_column_text]In the early eighties, Robert Combas came up with a new figurative painting. Since 1979 he has been present on the art scene. He created the \u201cFiguration Libre\u201d movement, as Ben Vautier named it, which brought together R\u00e9mi Blanchard, Fran\u00e7ois Boisrond, Robert Combas and Herv\u00e9 Di Rosa. This&hellip;<\/p>\n","protected":false},"author":1,"featured_media":121,"parent":57,"menu_order":0,"comment_status":"closed","ping_status":"closed","template":"","meta":[],"_links":{"self":[{"href":"https:\/\/www.combas.com\/en\/wp-json\/wp\/v2\/pages\/7"}],"collection":[{"href":"https:\/\/www.combas.com\/en\/wp-json\/wp\/v2\/pages"}],"about":[{"href":"https:\/\/www.combas.com\/en\/wp-json\/wp\/v2\/types\/page"}],"author":[{"embeddable":true,"href":"https:\/\/www.combas.com\/en\/wp-json\/wp\/v2\/users\/1"}],"replies":[{"embeddable":true,"href":"https:\/\/www.combas.com\/en\/wp-json\/wp\/v2\/comments?post=7"}],"version-history":[{"count":8,"href":"https:\/\/www.combas.com\/en\/wp-json\/wp\/v2\/pages\/7\/revisions"}],"predecessor-version":[{"id":327,"href":"https:\/\/www.combas.com\/en\/wp-json\/wp\/v2\/pages\/7\/revisions\/327"}],"up":[{"embeddable":true,"href":"https:\/\/www.combas.com\/en\/wp-json\/wp\/v2\/pages\/57"}],"wp:featuredmedia":[{"embeddable":true,"href":"https:\/\/www.combas.com\/en\/wp-json\/wp\/v2\/media\/121"}],"wp:attachment":[{"href":"https:\/\/www.combas.com\/en\/wp-json\/wp\/v2\/media?parent=7"}],"curies":[{"name":"wp","href":"https:\/\/api.w.org\/{rel}","templated":true}]}}